{"id":39,"date":"2025-07-03T11:36:34","date_gmt":"2025-07-03T09:36:34","guid":{"rendered":"https:\/\/www.its-christmas-time.be\/?page_id=39"},"modified":"2025-10-27T09:01:35","modified_gmt":"2025-10-27T08:01:35","slug":"creagency-noel","status":"publish","type":"page","link":"https:\/\/www.its-christmas-time.be\/fr\/","title":{"rendered":"It&rsquo;s Christmas Time !"},"content":{"rendered":"\n<section id=services  class=\"slide\" style=\"\">\n<div class=\"slideContent mutate\">\n<div class=\"acf-innerblocks-container\">\n\n<h2 class=\"wp-block-heading\">D\u00e9couvrez nos services<\/h2>\n\n\n\n<div class=\"wp-block-columns is-layout-flex wp-container-core-columns-is-layout-9d6595d7 wp-block-columns-is-layout-flex\">\n<div class=\"wp-block-column is-layout-flow wp-block-column-is-layout-flow\"><div class=\"ctaContainer\">\n<a class=\"contentCTA ctaWithImg\" href=\"https:\/\/www.its-christmas-time.be\/decoration-de-vitrines\/\"><span class=\"ctaImg\" style=\"background-image: url(https:\/\/www.its-christmas-time.be\/wp-content\/uploads\/2025\/10\/pierre-marcolini-noel-2024.jpg)\"><\/span><h3 class=\"ctaTitle\">Transformez vos vitrines en v\u00e9ritables \u0153uvres d\u2019art saisonni\u00e8res<\/h3><span class=\"ctaTxt\"><i style=\"display:none;\"><\/i> D\u00e9coration de vitrines<\/span><\/a>\n<\/div><!--.ctaContainer -->\n<\/div>\n\n\n\n<div class=\"wp-block-column is-layout-flow wp-block-column-is-layout-flow\"><div class=\"ctaContainer\">\n<a class=\"contentCTA ctaWithImg\" href=\"https:\/\/www.its-christmas-time.be\/location-de-sapins-decores\/\"><span class=\"ctaImg\" style=\"background-image: url(https:\/\/www.its-christmas-time.be\/wp-content\/uploads\/2025\/10\/location-sapin-bureaux.jpeg)\"><\/span><h3 class=\"ctaTitle\">Un sapin magnifique livr\u00e9, install\u00e9 et repris sans contrainte<\/h3><span class=\"ctaTxt\"><i style=\"display:none;\"><\/i> Location de sapins d\u00e9cor\u00e9s<\/span><\/a>\n<\/div><!--.ctaContainer -->\n<\/div>\n<\/div>\n\n\n\n<div class=\"wp-block-columns is-layout-flex wp-container-core-columns-is-layout-9d6595d7 wp-block-columns-is-layout-flex\">\n<div class=\"wp-block-column is-layout-flow wp-block-column-is-layout-flow\"><div class=\"ctaContainer\">\n<a class=\"contentCTA ctaWithImg\" href=\"https:\/\/www.its-christmas-time.be\/decoration-de-facades\/\"><span class=\"ctaImg\" style=\"background-image: url(https:\/\/www.its-christmas-time.be\/wp-content\/uploads\/2025\/10\/facade-musee-du-chocolat-bruxelles.jpg)\"><\/span><h3 class=\"ctaTitle\">Offrez une ambiance f\u00e9\u00e9rique \u00e0 votre b\u00e2timent<\/h3><span class=\"ctaTxt\"><i style=\"display:none;\"><\/i> D\u00e9coration de fa\u00e7ades<\/span><\/a>\n<\/div><!--.ctaContainer -->\n<\/div>\n\n\n\n<div class=\"wp-block-column is-layout-flow wp-block-column-is-layout-flow\"><div class=\"ctaContainer\">\n<a class=\"contentCTA ctaWithImg\" href=\"https:\/\/www.its-christmas-time.be\/guirlandes-en-sapin-lumineuses-encadrant-les-vitrines-de-magasin\/\"><span class=\"ctaImg\" style=\"background-image: url(https:\/\/www.its-christmas-time.be\/wp-content\/uploads\/2025\/10\/tartes-de-francoise-cadre-vitrine-sablon.jpg)\"><\/span><h3 class=\"ctaTitle\">Illuminez vos fa\u00e7ades et vitrines avec \u00e9l\u00e9gance<\/h3><span class=\"ctaTxt\"><i style=\"display:none;\"><\/i> Installation de guirlandes lumineuses<\/span><\/a>\n<\/div><!--.ctaContainer -->\n<\/div>\n<\/div>\n\n<\/div>\n<\/div><!-- .slideContent -->\n<\/section>","protected":false},"excerpt":{"rendered":"","protected":false},"author":1,"featured_media":430,"parent":0,"menu_order":0,"comment_status":"closed","ping_status":"closed","template":"page-home.php","meta":{"_acf_changed":false,"footnotes":""},"categories":[],"class_list":["post-39","page","type-page","status-publish","has-post-thumbnail","hentry"],"acf":[],"yoast_head":"<!-- This site is optimized with the Yoast SEO plugin v27.5 - https:\/\/yoast.com\/product\/yoast-seo-wordpress\/ -->\n<title>Donnez vie \u00e0 votre commerce pour les f\u00eates !<\/title>\n<meta name=\"description\" content=\"D\u00e9coration de vitrines, Location de sapins d\u00e9cor\u00e9s, D\u00e9coration de fa\u00e7ades, Installation de guirlandes lumineuses\" \/>\n<meta name=\"robots\" content=\"index, follow, max-snippet:-1, max-image-preview:large, max-video-preview:-1\" \/>\n<link rel=\"canonical\" href=\"https:\/\/www.its-christmas-time.be\/fr\/\" \/>\n<meta property=\"og:locale\" content=\"fr_FR\" \/>\n<meta property=\"og:type\" content=\"article\" \/>\n<meta property=\"og:title\" content=\"Donnez vie \u00e0 votre commerce pour les f\u00eates !\" \/>\n<meta property=\"og:description\" content=\"D\u00e9coration de vitrines, Location de sapins d\u00e9cor\u00e9s, D\u00e9coration de fa\u00e7ades, Installation de guirlandes lumineuses\" \/>\n<meta property=\"og:url\" content=\"https:\/\/www.its-christmas-time.be\/fr\/\" \/>\n<meta property=\"og:site_name\" content=\"Creagency Christmas Specials\" \/>\n<meta property=\"article:modified_time\" content=\"2025-10-27T08:01:35+00:00\" \/>\n<meta property=\"og:image\" content=\"https:\/\/www.its-christmas-time.be\/wp-content\/uploads\/2025\/10\/its-christmas-time-sapins-rouge-noeuds.jpg\" \/>\n\t<meta property=\"og:image:width\" content=\"1900\" \/>\n\t<meta property=\"og:image:height\" content=\"1267\" \/>\n\t<meta property=\"og:image:type\" content=\"image\/jpeg\" \/>\n<meta name=\"twitter:card\" content=\"summary_large_image\" \/>\n<meta name=\"twitter:label1\" content=\"Dur\u00e9e de lecture estim\u00e9e\" \/>\n\t<meta name=\"twitter:data1\" content=\"2 minutes\" \/>\n<script type=\"application\/ld+json\" class=\"yoast-schema-graph\">{\"@context\":\"https:\\\/\\\/schema.org\",\"@graph\":[{\"@type\":\"WebPage\",\"@id\":\"https:\\\/\\\/www.its-christmas-time.be\\\/fr\\\/\",\"url\":\"https:\\\/\\\/www.its-christmas-time.be\\\/fr\\\/\",\"name\":\"Donnez vie \u00e0 votre commerce pour les f\u00eates !\",\"isPartOf\":{\"@id\":\"https:\\\/\\\/www.its-christmas-time.be\\\/fr\\\/#website\"},\"primaryImageOfPage\":{\"@id\":\"https:\\\/\\\/www.its-christmas-time.be\\\/fr\\\/#primaryimage\"},\"image\":{\"@id\":\"https:\\\/\\\/www.its-christmas-time.be\\\/fr\\\/#primaryimage\"},\"thumbnailUrl\":\"https:\\\/\\\/www.its-christmas-time.be\\\/wp-content\\\/uploads\\\/2025\\\/10\\\/its-christmas-time-sapins-rouge-noeuds.jpg\",\"datePublished\":\"2025-07-03T09:36:34+00:00\",\"dateModified\":\"2025-10-27T08:01:35+00:00\",\"description\":\"D\u00e9coration de vitrines, Location de sapins d\u00e9cor\u00e9s, D\u00e9coration de fa\u00e7ades, Installation de guirlandes lumineuses\",\"breadcrumb\":{\"@id\":\"https:\\\/\\\/www.its-christmas-time.be\\\/fr\\\/#breadcrumb\"},\"inLanguage\":\"fr-FR\",\"potentialAction\":[{\"@type\":\"ReadAction\",\"target\":[\"https:\\\/\\\/www.its-christmas-time.be\\\/fr\\\/\"]}]},{\"@type\":\"ImageObject\",\"inLanguage\":\"fr-FR\",\"@id\":\"https:\\\/\\\/www.its-christmas-time.be\\\/fr\\\/#primaryimage\",\"url\":\"https:\\\/\\\/www.its-christmas-time.be\\\/wp-content\\\/uploads\\\/2025\\\/10\\\/its-christmas-time-sapins-rouge-noeuds.jpg\",\"contentUrl\":\"https:\\\/\\\/www.its-christmas-time.be\\\/wp-content\\\/uploads\\\/2025\\\/10\\\/its-christmas-time-sapins-rouge-noeuds.jpg\",\"width\":1900,\"height\":1267},{\"@type\":\"BreadcrumbList\",\"@id\":\"https:\\\/\\\/www.its-christmas-time.be\\\/fr\\\/#breadcrumb\",\"itemListElement\":[{\"@type\":\"ListItem\",\"position\":1,\"name\":\"Accueil\",\"item\":\"https:\\\/\\\/www.its-christmas-time.be\\\/fr\\\/\"},{\"@type\":\"ListItem\",\"position\":2,\"name\":\"It&rsquo;s Christmas Time !\"}]},{\"@type\":\"WebSite\",\"@id\":\"https:\\\/\\\/www.its-christmas-time.be\\\/fr\\\/#website\",\"url\":\"https:\\\/\\\/www.its-christmas-time.be\\\/fr\\\/\",\"name\":\"Creagency Christmas Specials\",\"description\":\"\",\"publisher\":{\"@id\":\"https:\\\/\\\/www.its-christmas-time.be\\\/fr\\\/#organization\"},\"potentialAction\":[{\"@type\":\"SearchAction\",\"target\":{\"@type\":\"EntryPoint\",\"urlTemplate\":\"https:\\\/\\\/www.its-christmas-time.be\\\/fr\\\/?s={search_term_string}\"},\"query-input\":{\"@type\":\"PropertyValueSpecification\",\"valueRequired\":true,\"valueName\":\"search_term_string\"}}],\"inLanguage\":\"fr-FR\"},{\"@type\":\"Organization\",\"@id\":\"https:\\\/\\\/www.its-christmas-time.be\\\/fr\\\/#organization\",\"name\":\"Creagency Christmas Specials\",\"url\":\"https:\\\/\\\/www.its-christmas-time.be\\\/fr\\\/\",\"logo\":{\"@type\":\"ImageObject\",\"inLanguage\":\"fr-FR\",\"@id\":\"https:\\\/\\\/www.its-christmas-time.be\\\/fr\\\/#\\\/schema\\\/logo\\\/image\\\/\",\"url\":\"https:\\\/\\\/www.its-christmas-time.be\\\/wp-content\\\/uploads\\\/2025\\\/07\\\/creagency-logo.png\",\"contentUrl\":\"https:\\\/\\\/www.its-christmas-time.be\\\/wp-content\\\/uploads\\\/2025\\\/07\\\/creagency-logo.png\",\"width\":250,\"height\":100,\"caption\":\"Creagency Christmas Specials\"},\"image\":{\"@id\":\"https:\\\/\\\/www.its-christmas-time.be\\\/fr\\\/#\\\/schema\\\/logo\\\/image\\\/\"}}]}<\/script>\n<!-- \/ Yoast SEO plugin. -->","yoast_head_json":{"title":"Donnez vie \u00e0 votre commerce pour les f\u00eates !","description":"D\u00e9coration de vitrines, Location de sapins d\u00e9cor\u00e9s, D\u00e9coration de fa\u00e7ades, Installation de guirlandes lumineuses","robots":{"index":"index","follow":"follow","max-snippet":"max-snippet:-1","max-image-preview":"max-image-preview:large","max-video-preview":"max-video-preview:-1"},"canonical":"https:\/\/www.its-christmas-time.be\/fr\/","og_locale":"fr_FR","og_type":"article","og_title":"Donnez vie \u00e0 votre commerce pour les f\u00eates !","og_description":"D\u00e9coration de vitrines, Location de sapins d\u00e9cor\u00e9s, D\u00e9coration de fa\u00e7ades, Installation de guirlandes lumineuses","og_url":"https:\/\/www.its-christmas-time.be\/fr\/","og_site_name":"Creagency Christmas Specials","article_modified_time":"2025-10-27T08:01:35+00:00","og_image":[{"width":1900,"height":1267,"url":"https:\/\/www.its-christmas-time.be\/wp-content\/uploads\/2025\/10\/its-christmas-time-sapins-rouge-noeuds.jpg","type":"image\/jpeg"}],"twitter_card":"summary_large_image","twitter_misc":{"Dur\u00e9e de lecture estim\u00e9e":"2 minutes"},"schema":{"@context":"https:\/\/schema.org","@graph":[{"@type":"WebPage","@id":"https:\/\/www.its-christmas-time.be\/fr\/","url":"https:\/\/www.its-christmas-time.be\/fr\/","name":"Donnez vie \u00e0 votre commerce pour les f\u00eates !","isPartOf":{"@id":"https:\/\/www.its-christmas-time.be\/fr\/#website"},"primaryImageOfPage":{"@id":"https:\/\/www.its-christmas-time.be\/fr\/#primaryimage"},"image":{"@id":"https:\/\/www.its-christmas-time.be\/fr\/#primaryimage"},"thumbnailUrl":"https:\/\/www.its-christmas-time.be\/wp-content\/uploads\/2025\/10\/its-christmas-time-sapins-rouge-noeuds.jpg","datePublished":"2025-07-03T09:36:34+00:00","dateModified":"2025-10-27T08:01:35+00:00","description":"D\u00e9coration de vitrines, Location de sapins d\u00e9cor\u00e9s, D\u00e9coration de fa\u00e7ades, Installation de guirlandes lumineuses","breadcrumb":{"@id":"https:\/\/www.its-christmas-time.be\/fr\/#breadcrumb"},"inLanguage":"fr-FR","potentialAction":[{"@type":"ReadAction","target":["https:\/\/www.its-christmas-time.be\/fr\/"]}]},{"@type":"ImageObject","inLanguage":"fr-FR","@id":"https:\/\/www.its-christmas-time.be\/fr\/#primaryimage","url":"https:\/\/www.its-christmas-time.be\/wp-content\/uploads\/2025\/10\/its-christmas-time-sapins-rouge-noeuds.jpg","contentUrl":"https:\/\/www.its-christmas-time.be\/wp-content\/uploads\/2025\/10\/its-christmas-time-sapins-rouge-noeuds.jpg","width":1900,"height":1267},{"@type":"BreadcrumbList","@id":"https:\/\/www.its-christmas-time.be\/fr\/#breadcrumb","itemListElement":[{"@type":"ListItem","position":1,"name":"Accueil","item":"https:\/\/www.its-christmas-time.be\/fr\/"},{"@type":"ListItem","position":2,"name":"It&rsquo;s Christmas Time !"}]},{"@type":"WebSite","@id":"https:\/\/www.its-christmas-time.be\/fr\/#website","url":"https:\/\/www.its-christmas-time.be\/fr\/","name":"Creagency Christmas Specials","description":"","publisher":{"@id":"https:\/\/www.its-christmas-time.be\/fr\/#organization"},"potentialAction":[{"@type":"SearchAction","target":{"@type":"EntryPoint","urlTemplate":"https:\/\/www.its-christmas-time.be\/fr\/?s={search_term_string}"},"query-input":{"@type":"PropertyValueSpecification","valueRequired":true,"valueName":"search_term_string"}}],"inLanguage":"fr-FR"},{"@type":"Organization","@id":"https:\/\/www.its-christmas-time.be\/fr\/#organization","name":"Creagency Christmas Specials","url":"https:\/\/www.its-christmas-time.be\/fr\/","logo":{"@type":"ImageObject","inLanguage":"fr-FR","@id":"https:\/\/www.its-christmas-time.be\/fr\/#\/schema\/logo\/image\/","url":"https:\/\/www.its-christmas-time.be\/wp-content\/uploads\/2025\/07\/creagency-logo.png","contentUrl":"https:\/\/www.its-christmas-time.be\/wp-content\/uploads\/2025\/07\/creagency-logo.png","width":250,"height":100,"caption":"Creagency Christmas Specials"},"image":{"@id":"https:\/\/www.its-christmas-time.be\/fr\/#\/schema\/logo\/image\/"}}]}},"_links":{"self":[{"href":"https:\/\/www.its-christmas-time.be\/fr\/wp-json\/wp\/v2\/pages\/39","targetHints":{"allow":["GET"]}}],"collection":[{"href":"https:\/\/www.its-christmas-time.be\/fr\/wp-json\/wp\/v2\/pages"}],"about":[{"href":"https:\/\/www.its-christmas-time.be\/fr\/wp-json\/wp\/v2\/types\/page"}],"author":[{"embeddable":true,"href":"https:\/\/www.its-christmas-time.be\/fr\/wp-json\/wp\/v2\/users\/1"}],"replies":[{"embeddable":true,"href":"https:\/\/www.its-christmas-time.be\/fr\/wp-json\/wp\/v2\/comments?post=39"}],"version-history":[{"count":7,"href":"https:\/\/www.its-christmas-time.be\/fr\/wp-json\/wp\/v2\/pages\/39\/revisions"}],"predecessor-version":[{"id":464,"href":"https:\/\/www.its-christmas-time.be\/fr\/wp-json\/wp\/v2\/pages\/39\/revisions\/464"}],"wp:featuredmedia":[{"embeddable":true,"href":"https:\/\/www.its-christmas-time.be\/fr\/wp-json\/wp\/v2\/media\/430"}],"wp:attachment":[{"href":"https:\/\/www.its-christmas-time.be\/fr\/wp-json\/wp\/v2\/media?parent=39"}],"wp:term":[{"taxonomy":"category","embeddable":true,"href":"https:\/\/www.its-christmas-time.be\/fr\/wp-json\/wp\/v2\/categories?post=39"}],"curies":[{"name":"wp","href":"https:\/\/api.w.org\/{rel}","templated":true}]}}