{"id":46,"date":"2025-07-03T11:56:16","date_gmt":"2025-07-03T09:56:16","guid":{"rendered":"https:\/\/www.its-christmas-time.be\/?page_id=46"},"modified":"2025-10-27T08:55:03","modified_gmt":"2025-10-27T07:55:03","slug":"decoration-de-vitrines","status":"publish","type":"page","link":"https:\/\/www.its-christmas-time.be\/fr\/decoration-de-vitrines\/","title":{"rendered":"\u00a0D\u00e9coration de vitrines"},"content":{"rendered":"\n<section  class=\"slide\" style=\"\">\n<div class=\"slideContent mutate\">\n<div class=\"acf-innerblocks-container\">\n\n<h1 class=\"wp-block-heading\">D\u00e9coration de Vitrines sur Mesure<\/h1>\n\n\n\n<p><strong>Votre vitrine est le reflet de votre marque \u2013 elle doit captiver et incarner l&rsquo;\u00e9l\u00e9gance de votre boutique. <\/strong><\/p>\n\n\n\n<p>Chez Creagency, nous sommes experts en cr\u00e9ation de d\u00e9cors de vitrines sur mesure<br>qui magnifient vos produits et collections et attirent irr\u00e9sistiblement les regards de vos clients.<\/p>\n\n\n\n<p>Nous imaginons, fabriquons et installons des d\u00e9corations haut de gamme, parfaitement<br>adapt\u00e9es \u00e0 votre espace et \u00e0 votre image, partout en Belgique et m\u00eame au-del\u00e0.<\/p>\n\n<\/div>\n<\/div><!-- .slideContent -->\n<\/section>\n\n\n<section  class=\"slide\" style=\"background-color: rgb(249,249,249); \">\n<div class=\"slideContent mutate\">\n<div class=\"acf-innerblocks-container\">\n\n<div class=\"wp-block-media-text is-stacked-on-mobile is-vertically-aligned-center is-image-fill-element\"><figure class=\"wp-block-media-text__media\"><a href=\"https:\/\/www.its-christmas-time.be\/wp-content\/uploads\/2025\/10\/pierre-marcolini-noel-2024.jpg\"><img loading=\"lazy\" decoding=\"async\" width=\"1024\" height=\"845\" src=\"https:\/\/www.its-christmas-time.be\/wp-content\/uploads\/2025\/10\/pierre-marcolini-noel-2024-1024x845.jpg\" alt=\"\" class=\"wp-image-456 size-full\" style=\"object-position:48% 24%\" srcset=\"https:\/\/www.its-christmas-time.be\/wp-content\/uploads\/2025\/10\/pierre-marcolini-noel-2024-1024x845.jpg 1024w, https:\/\/www.its-christmas-time.be\/wp-content\/uploads\/2025\/10\/pierre-marcolini-noel-2024-300x247.jpg 300w, https:\/\/www.its-christmas-time.be\/wp-content\/uploads\/2025\/10\/pierre-marcolini-noel-2024-768x633.jpg 768w, https:\/\/www.its-christmas-time.be\/wp-content\/uploads\/2025\/10\/pierre-marcolini-noel-2024-1536x1267.jpg 1536w, https:\/\/www.its-christmas-time.be\/wp-content\/uploads\/2025\/10\/pierre-marcolini-noel-2024.jpg 1900w\" sizes=\"auto, (max-width: 1024px) 100vw, 1024px\" \/><\/a><\/figure><div class=\"wp-block-media-text__content\">\n<h3 class=\"wp-block-heading\">Des Th\u00e8mes Exclusifs pour Chaque Saison<\/h3>\n\n\n\n<p>Que ce soit pour les f\u00eates de No\u00ebl, la Saint-Valentin, ou pour le lancement de vos nouvelles collections, nous proposons des th\u00e9matiques raffin\u00e9es qui allient cr\u00e9ativit\u00e9 et \u00e9l\u00e9gance.<\/p>\n\n\n\n<p><strong>Chaque d\u00e9cor est con\u00e7u avec soin<\/strong> : jeux de mati\u00e8res, \u00e9l\u00e9ments suspendus, structures en volume et touches lumineuses, le tout pens\u00e9 pour mettre en valeur vos produits sans jamais leur voler la vedette.<\/p>\n<\/div><\/div>\n\n\n\n<div style=\"height:60px\" aria-hidden=\"true\" class=\"wp-block-spacer\"><\/div>\n\n\n\n<div class=\"wp-block-media-text has-media-on-the-right is-stacked-on-mobile is-vertically-aligned-center is-image-fill-element\"><div class=\"wp-block-media-text__content\">\n<h3 class=\"wp-block-heading\">Fabrication et Installation 100% Personnalis\u00e9es<\/h3>\n\n\n\n<p>Nos d\u00e9corations sont con\u00e7ues et fabriqu\u00e9es avec des mat\u00e9riaux premium dans notre atelier.<\/p>\n\n\n\n<p>Nos \u00e9quipes exp\u00e9riment\u00e9es assurent une pose rapide et discr\u00e8te, respectant vos horaires et vos contraintes.<\/p>\n<\/div><figure class=\"wp-block-media-text__media\"><a href=\"https:\/\/www.its-christmas-time.be\/wp-content\/uploads\/2025\/10\/preparatif-cadre-sapin.jpg\"><img loading=\"lazy\" decoding=\"async\" width=\"1024\" height=\"701\" src=\"https:\/\/www.its-christmas-time.be\/wp-content\/uploads\/2025\/10\/preparatif-cadre-sapin-1024x701.jpg\" alt=\"\" class=\"wp-image-453 size-full\" style=\"object-position:83% 45%\" srcset=\"https:\/\/www.its-christmas-time.be\/wp-content\/uploads\/2025\/10\/preparatif-cadre-sapin-1024x701.jpg 1024w, https:\/\/www.its-christmas-time.be\/wp-content\/uploads\/2025\/10\/preparatif-cadre-sapin-300x205.jpg 300w, https:\/\/www.its-christmas-time.be\/wp-content\/uploads\/2025\/10\/preparatif-cadre-sapin-768x525.jpg 768w, https:\/\/www.its-christmas-time.be\/wp-content\/uploads\/2025\/10\/preparatif-cadre-sapin-1536x1051.jpg 1536w, https:\/\/www.its-christmas-time.be\/wp-content\/uploads\/2025\/10\/preparatif-cadre-sapin.jpg 1900w\" sizes=\"auto, (max-width: 1024px) 100vw, 1024px\" \/><\/a><\/figure><\/div>\n\n<\/div>\n<\/div><!-- .slideContent -->\n<\/section>\n\n\n<section  class=\"slide\" style=\"\">\n<div class=\"slideContent mutate\">\n<div class=\"acf-innerblocks-container\">\n\n<h3 class=\"wp-block-heading\">Nous Garantissons :<\/h3>\n\n\n\n<ul class=\"wp-block-list\">\n<li>Des solutions sur mesure, adapt\u00e9es \u00e0 la taille et \u00e0 la configuration unique de votre vitrine.<\/li>\n\n\n\n<li>Un rendu haut de gamme, en parfaite coh\u00e9rence avec votre image de marque.<\/li>\n<\/ul>\n\n<\/div>\n<\/div><!-- .slideContent -->\n<\/section>\n\n\n<section  class=\"slide\" style=\"background-color: rgb(249,249,249); \">\n<div class=\"slideContent mutate\">\n<div class=\"acf-innerblocks-container\">\n\n<h2 class=\"wp-block-heading\">Pourquoi choisir Creagency pour la d\u00e9coration de votre vitrine ?<\/h2>\n\n\n\n<div class=\"wp-block-columns is-layout-flex wp-container-core-columns-is-layout-9d6595d7 wp-block-columns-is-layout-flex\">\n<div class=\"wp-block-column has-white-background-color has-background is-layout-flow wp-block-column-is-layout-flow\">\n<h3 class=\"wp-block-heading\">Expertise Retail<\/h3>\n\n\n\n<p>Plus de 15 ans d&rsquo;exp\u00e9rience dans la d\u00e9coration de vitrines pour des marques prestigieuses.<\/p>\n<\/div>\n\n\n\n<div class=\"wp-block-column has-white-background-color has-background is-layout-flow wp-block-column-is-layout-flow\">\n<h3 class=\"wp-block-heading\">Accompagnement Cl\u00e9 en Main<\/h3>\n\n\n\n<p>De la conception \u00e0 la production et l&rsquo;installation, tout est inclus.<\/p>\n<\/div>\n\n\n\n<div class=\"wp-block-column has-white-background-color has-background is-layout-flow wp-block-column-is-layout-flow\">\n<h3 class=\"wp-block-heading\">Service National &amp; International<\/h3>\n\n\n\n<p>Nous intervenons dans toute la Belgique, avec possibilit\u00e9 d&rsquo;export et des projets sur demande au Luxembourg et Paris.<\/p>\n<\/div>\n<\/div>\n\n<\/div>\n<\/div><!-- .slideContent -->\n<\/section>\n\n\n<section  class=\"slide\" style=\"\">\n<div class=\"slideContent mutate\">\n<div class=\"acf-innerblocks-container\">\n\n<h2 class=\"wp-block-heading\">Demandez votre Devis Express Personnalis\u00e9 !<\/h2>\n\n\n\n<p>Envoyez-nous via un mail en cliquant sur le bouton ci-dessous avec le mod\u00e8le et la taille que vous d\u00e9sirez, et un conseiller vous recontactera sous 24h pour valider avec vous les d\u00e9tails \u2028de la prestation et vous transmettre votre devis personnalis\u00e9.<\/p>\n\n\n<div class=\"ctaContainer\">\n<a class=\"contentCTA\" href=\"mailto:hello@its-christmas-time.be?subject=Demande de devis pour une d\u00e9coration de vitrine\"><span class=\"ctaTxt\"><i style=\"display:none;\"><\/i> Demander un devis<\/span><\/a>\n<\/div><!--.ctaContainer -->\n\n<\/div>\n<\/div><!-- .slideContent -->\n<\/section>\n\n\n<section  class=\"slide\" style=\"background-color: rgb(249,249,249); \">\n<div class=\"slideContent mutate\">\n<div class=\"acf-innerblocks-container\">\n\n<h2 class=\"wp-block-heading\">D\u00e9couvrez aussi<\/h2>\n\n\n  \n \n<script>\njQuery(document).ready(function($){\n\n\/\/ Gallery Carousel\n\n    $('.carouselGallery').flickity({\n      \/\/ options\n      cellAlign: 'left',\n      contain: true,\n      prevNextButtons: true,\n      pageDots: false,\n      wrapAround: true,\n      autoPlay: 4000\n    });\n    $('.button--previous').on( 'click', function() {\n      $('.carouselGallery').flickity('previous');\n    });\n    $('.button--next').on( 'click', function() {\n      $('.carouselGallery').flickity('next');\n    });\n  \n});\n<\/script>\n\n\n<section class=\"galleryPosts\">\n\n<div class=\"buttonRow\">\n  <button class=\"button button--previous\"><i class=\"fa-solid fa-caret-left\"><\/i><\/button>\n  <button class=\"button button--next\"><i class=\"fa-solid fa-caret-right\"><\/i><\/button>\n<\/div>\n\n<div class=\"carouselGallery\">\n\n<div class=\"carousel-cell\">\n<div class=\"singleCarouselPub\">\n\n<div class=\"figureContainer\">\n<a href=\"https:\/\/www.its-christmas-time.be\/fr\/decoration-de-facades\/\">\n<div class=\"overFigure\"><i class=\"fa-solid fa-plus\"><\/i><\/div>\n<figure style=\"background-image: url(https:\/\/www.its-christmas-time.be\/wp-content\/uploads\/2025\/10\/switzerland-rideaux-facade-1024x768.jpg)\"><\/figure>\n<\/a>\n<\/div><!-- .figureContainer -->\n\n<div class=\"singleCarouselPubTitle\">\nD\u00e9coration de fa\u00e7ades<\/div>\n\n<\/div>\n<\/div>\n<div class=\"carousel-cell\">\n<div class=\"singleCarouselPub\">\n\n<div class=\"figureContainer\">\n<a href=\"https:\/\/www.its-christmas-time.be\/fr\/guirlandes-en-sapin-lumineuses-encadrant-les-vitrines-de-magasin\/\">\n<div class=\"overFigure\"><i class=\"fa-solid fa-plus\"><\/i><\/div>\n<figure style=\"background-image: url(https:\/\/www.its-christmas-time.be\/wp-content\/uploads\/2025\/10\/tartes-de-francoise-cadre-vitrine-sablon-1024x768.jpg)\"><\/figure>\n<\/a>\n<\/div><!-- .figureContainer -->\n\n<div class=\"singleCarouselPubTitle\">\nGuirlandes en sapin lumineuses encadrant les vitrines de magasin<\/div>\n\n<\/div>\n<\/div>\n<div class=\"carousel-cell\">\n<div class=\"singleCarouselPub\">\n\n<div class=\"figureContainer\">\n<a href=\"https:\/\/www.its-christmas-time.be\/fr\/location-de-sapins-decores\/\">\n<div class=\"overFigure\"><i class=\"fa-solid fa-plus\"><\/i><\/div>\n<figure style=\"background-image: url(https:\/\/www.its-christmas-time.be\/wp-content\/uploads\/2025\/10\/location-sapin-bureaux-1024x768.jpeg)\"><\/figure>\n<\/a>\n<\/div><!-- .figureContainer -->\n\n<div class=\"singleCarouselPubTitle\">\n\u00a0Location de sapins d\u00e9cor\u00e9s<\/div>\n\n<\/div>\n<\/div>\n\n<\/div><!-- . carousel -->\n\n<\/section>\n\n\n\n<\/div>\n<\/div><!-- .slideContent -->\n<\/section>","protected":false},"excerpt":{"rendered":"","protected":false},"author":1,"featured_media":456,"parent":0,"menu_order":0,"comment_status":"closed","ping_status":"closed","template":"","meta":{"_acf_changed":false,"footnotes":""},"categories":[2],"class_list":["post-46","page","type-page","status-publish","has-post-thumbnail","hentry","category-services"],"acf":[],"yoast_head":"<!-- This site is optimized with the Yoast SEO plugin v27.4 - https:\/\/yoast.com\/product\/yoast-seo-wordpress\/ -->\n<title>D\u00e9coration de Vitrine sur Mesure : Attirez l&#039;\u0152il de vos Clients<\/title>\n<meta name=\"description\" content=\"Des d\u00e9cors sur mesure haut de gamme pour votre vitrine. Cr\u00e9ation, fabrication, installation pour No\u00ebl, la Saint-Valentin et vos collections.\" \/>\n<meta name=\"robots\" content=\"index, follow, max-snippet:-1, max-image-preview:large, max-video-preview:-1\" \/>\n<link rel=\"canonical\" href=\"https:\/\/www.its-christmas-time.be\/fr\/decoration-de-vitrines\/\" \/>\n<meta property=\"og:locale\" content=\"fr_FR\" \/>\n<meta property=\"og:type\" content=\"article\" \/>\n<meta property=\"og:title\" content=\"D\u00e9coration de Vitrine sur Mesure : Attirez l&#039;\u0152il de vos Clients\" \/>\n<meta property=\"og:description\" content=\"Des d\u00e9cors sur mesure haut de gamme pour votre vitrine. Cr\u00e9ation, fabrication, installation pour No\u00ebl, la Saint-Valentin et vos collections.\" \/>\n<meta property=\"og:url\" content=\"https:\/\/www.its-christmas-time.be\/fr\/decoration-de-vitrines\/\" \/>\n<meta property=\"og:site_name\" content=\"Creagency Christmas Specials\" \/>\n<meta property=\"article:modified_time\" content=\"2025-10-27T07:55:03+00:00\" \/>\n<meta property=\"og:image\" content=\"https:\/\/www.its-christmas-time.be\/wp-content\/uploads\/2025\/10\/pierre-marcolini-noel-2024.jpg\" \/>\n\t<meta property=\"og:image:width\" content=\"1900\" \/>\n\t<meta property=\"og:image:height\" content=\"1567\" \/>\n\t<meta property=\"og:image:type\" content=\"image\/jpeg\" \/>\n<meta name=\"twitter:card\" content=\"summary_large_image\" \/>\n<meta name=\"twitter:label1\" content=\"Dur\u00e9e de lecture estim\u00e9e\" \/>\n\t<meta name=\"twitter:data1\" content=\"3 minutes\" \/>\n<script type=\"application\/ld+json\" class=\"yoast-schema-graph\">{\"@context\":\"https:\\\/\\\/schema.org\",\"@graph\":[{\"@type\":\"WebPage\",\"@id\":\"https:\\\/\\\/www.its-christmas-time.be\\\/fr\\\/decoration-de-vitrines\\\/\",\"url\":\"https:\\\/\\\/www.its-christmas-time.be\\\/fr\\\/decoration-de-vitrines\\\/\",\"name\":\"D\u00e9coration de Vitrine sur Mesure : Attirez l'\u0152il de vos Clients\",\"isPartOf\":{\"@id\":\"https:\\\/\\\/www.its-christmas-time.be\\\/fr\\\/#website\"},\"primaryImageOfPage\":{\"@id\":\"https:\\\/\\\/www.its-christmas-time.be\\\/fr\\\/decoration-de-vitrines\\\/#primaryimage\"},\"image\":{\"@id\":\"https:\\\/\\\/www.its-christmas-time.be\\\/fr\\\/decoration-de-vitrines\\\/#primaryimage\"},\"thumbnailUrl\":\"https:\\\/\\\/www.its-christmas-time.be\\\/wp-content\\\/uploads\\\/2025\\\/10\\\/pierre-marcolini-noel-2024.jpg\",\"datePublished\":\"2025-07-03T09:56:16+00:00\",\"dateModified\":\"2025-10-27T07:55:03+00:00\",\"description\":\"Des d\u00e9cors sur mesure haut de gamme pour votre vitrine. Cr\u00e9ation, fabrication, installation pour No\u00ebl, la Saint-Valentin et vos collections.\",\"breadcrumb\":{\"@id\":\"https:\\\/\\\/www.its-christmas-time.be\\\/fr\\\/decoration-de-vitrines\\\/#breadcrumb\"},\"inLanguage\":\"fr-FR\",\"potentialAction\":[{\"@type\":\"ReadAction\",\"target\":[\"https:\\\/\\\/www.its-christmas-time.be\\\/fr\\\/decoration-de-vitrines\\\/\"]}]},{\"@type\":\"ImageObject\",\"inLanguage\":\"fr-FR\",\"@id\":\"https:\\\/\\\/www.its-christmas-time.be\\\/fr\\\/decoration-de-vitrines\\\/#primaryimage\",\"url\":\"https:\\\/\\\/www.its-christmas-time.be\\\/wp-content\\\/uploads\\\/2025\\\/10\\\/pierre-marcolini-noel-2024.jpg\",\"contentUrl\":\"https:\\\/\\\/www.its-christmas-time.be\\\/wp-content\\\/uploads\\\/2025\\\/10\\\/pierre-marcolini-noel-2024.jpg\",\"width\":1900,\"height\":1567},{\"@type\":\"BreadcrumbList\",\"@id\":\"https:\\\/\\\/www.its-christmas-time.be\\\/fr\\\/decoration-de-vitrines\\\/#breadcrumb\",\"itemListElement\":[{\"@type\":\"ListItem\",\"position\":1,\"name\":\"Accueil\",\"item\":\"https:\\\/\\\/www.its-christmas-time.be\\\/fr\\\/\"},{\"@type\":\"ListItem\",\"position\":2,\"name\":\"\u00a0D\u00e9coration de vitrines\"}]},{\"@type\":\"WebSite\",\"@id\":\"https:\\\/\\\/www.its-christmas-time.be\\\/fr\\\/#website\",\"url\":\"https:\\\/\\\/www.its-christmas-time.be\\\/fr\\\/\",\"name\":\"Creagency Christmas Specials\",\"description\":\"\",\"publisher\":{\"@id\":\"https:\\\/\\\/www.its-christmas-time.be\\\/fr\\\/#organization\"},\"potentialAction\":[{\"@type\":\"SearchAction\",\"target\":{\"@type\":\"EntryPoint\",\"urlTemplate\":\"https:\\\/\\\/www.its-christmas-time.be\\\/fr\\\/?s={search_term_string}\"},\"query-input\":{\"@type\":\"PropertyValueSpecification\",\"valueRequired\":true,\"valueName\":\"search_term_string\"}}],\"inLanguage\":\"fr-FR\"},{\"@type\":\"Organization\",\"@id\":\"https:\\\/\\\/www.its-christmas-time.be\\\/fr\\\/#organization\",\"name\":\"Creagency Christmas Specials\",\"url\":\"https:\\\/\\\/www.its-christmas-time.be\\\/fr\\\/\",\"logo\":{\"@type\":\"ImageObject\",\"inLanguage\":\"fr-FR\",\"@id\":\"https:\\\/\\\/www.its-christmas-time.be\\\/fr\\\/#\\\/schema\\\/logo\\\/image\\\/\",\"url\":\"https:\\\/\\\/www.its-christmas-time.be\\\/wp-content\\\/uploads\\\/2025\\\/07\\\/creagency-logo.png\",\"contentUrl\":\"https:\\\/\\\/www.its-christmas-time.be\\\/wp-content\\\/uploads\\\/2025\\\/07\\\/creagency-logo.png\",\"width\":250,\"height\":100,\"caption\":\"Creagency Christmas Specials\"},\"image\":{\"@id\":\"https:\\\/\\\/www.its-christmas-time.be\\\/fr\\\/#\\\/schema\\\/logo\\\/image\\\/\"}}]}<\/script>\n<!-- \/ Yoast SEO plugin. -->","yoast_head_json":{"title":"D\u00e9coration de Vitrine sur Mesure : Attirez l'\u0152il de vos Clients","description":"Des d\u00e9cors sur mesure haut de gamme pour votre vitrine. Cr\u00e9ation, fabrication, installation pour No\u00ebl, la Saint-Valentin et vos collections.","robots":{"index":"index","follow":"follow","max-snippet":"max-snippet:-1","max-image-preview":"max-image-preview:large","max-video-preview":"max-video-preview:-1"},"canonical":"https:\/\/www.its-christmas-time.be\/fr\/decoration-de-vitrines\/","og_locale":"fr_FR","og_type":"article","og_title":"D\u00e9coration de Vitrine sur Mesure : Attirez l'\u0152il de vos Clients","og_description":"Des d\u00e9cors sur mesure haut de gamme pour votre vitrine. Cr\u00e9ation, fabrication, installation pour No\u00ebl, la Saint-Valentin et vos collections.","og_url":"https:\/\/www.its-christmas-time.be\/fr\/decoration-de-vitrines\/","og_site_name":"Creagency Christmas Specials","article_modified_time":"2025-10-27T07:55:03+00:00","og_image":[{"width":1900,"height":1567,"url":"https:\/\/www.its-christmas-time.be\/wp-content\/uploads\/2025\/10\/pierre-marcolini-noel-2024.jpg","type":"image\/jpeg"}],"twitter_card":"summary_large_image","twitter_misc":{"Dur\u00e9e de lecture estim\u00e9e":"3 minutes"},"schema":{"@context":"https:\/\/schema.org","@graph":[{"@type":"WebPage","@id":"https:\/\/www.its-christmas-time.be\/fr\/decoration-de-vitrines\/","url":"https:\/\/www.its-christmas-time.be\/fr\/decoration-de-vitrines\/","name":"D\u00e9coration de Vitrine sur Mesure : Attirez l'\u0152il de vos Clients","isPartOf":{"@id":"https:\/\/www.its-christmas-time.be\/fr\/#website"},"primaryImageOfPage":{"@id":"https:\/\/www.its-christmas-time.be\/fr\/decoration-de-vitrines\/#primaryimage"},"image":{"@id":"https:\/\/www.its-christmas-time.be\/fr\/decoration-de-vitrines\/#primaryimage"},"thumbnailUrl":"https:\/\/www.its-christmas-time.be\/wp-content\/uploads\/2025\/10\/pierre-marcolini-noel-2024.jpg","datePublished":"2025-07-03T09:56:16+00:00","dateModified":"2025-10-27T07:55:03+00:00","description":"Des d\u00e9cors sur mesure haut de gamme pour votre vitrine. Cr\u00e9ation, fabrication, installation pour No\u00ebl, la Saint-Valentin et vos collections.","breadcrumb":{"@id":"https:\/\/www.its-christmas-time.be\/fr\/decoration-de-vitrines\/#breadcrumb"},"inLanguage":"fr-FR","potentialAction":[{"@type":"ReadAction","target":["https:\/\/www.its-christmas-time.be\/fr\/decoration-de-vitrines\/"]}]},{"@type":"ImageObject","inLanguage":"fr-FR","@id":"https:\/\/www.its-christmas-time.be\/fr\/decoration-de-vitrines\/#primaryimage","url":"https:\/\/www.its-christmas-time.be\/wp-content\/uploads\/2025\/10\/pierre-marcolini-noel-2024.jpg","contentUrl":"https:\/\/www.its-christmas-time.be\/wp-content\/uploads\/2025\/10\/pierre-marcolini-noel-2024.jpg","width":1900,"height":1567},{"@type":"BreadcrumbList","@id":"https:\/\/www.its-christmas-time.be\/fr\/decoration-de-vitrines\/#breadcrumb","itemListElement":[{"@type":"ListItem","position":1,"name":"Accueil","item":"https:\/\/www.its-christmas-time.be\/fr\/"},{"@type":"ListItem","position":2,"name":"\u00a0D\u00e9coration de vitrines"}]},{"@type":"WebSite","@id":"https:\/\/www.its-christmas-time.be\/fr\/#website","url":"https:\/\/www.its-christmas-time.be\/fr\/","name":"Creagency Christmas Specials","description":"","publisher":{"@id":"https:\/\/www.its-christmas-time.be\/fr\/#organization"},"potentialAction":[{"@type":"SearchAction","target":{"@type":"EntryPoint","urlTemplate":"https:\/\/www.its-christmas-time.be\/fr\/?s={search_term_string}"},"query-input":{"@type":"PropertyValueSpecification","valueRequired":true,"valueName":"search_term_string"}}],"inLanguage":"fr-FR"},{"@type":"Organization","@id":"https:\/\/www.its-christmas-time.be\/fr\/#organization","name":"Creagency Christmas Specials","url":"https:\/\/www.its-christmas-time.be\/fr\/","logo":{"@type":"ImageObject","inLanguage":"fr-FR","@id":"https:\/\/www.its-christmas-time.be\/fr\/#\/schema\/logo\/image\/","url":"https:\/\/www.its-christmas-time.be\/wp-content\/uploads\/2025\/07\/creagency-logo.png","contentUrl":"https:\/\/www.its-christmas-time.be\/wp-content\/uploads\/2025\/07\/creagency-logo.png","width":250,"height":100,"caption":"Creagency Christmas Specials"},"image":{"@id":"https:\/\/www.its-christmas-time.be\/fr\/#\/schema\/logo\/image\/"}}]}},"_links":{"self":[{"href":"https:\/\/www.its-christmas-time.be\/fr\/wp-json\/wp\/v2\/pages\/46","targetHints":{"allow":["GET"]}}],"collection":[{"href":"https:\/\/www.its-christmas-time.be\/fr\/wp-json\/wp\/v2\/pages"}],"about":[{"href":"https:\/\/www.its-christmas-time.be\/fr\/wp-json\/wp\/v2\/types\/page"}],"author":[{"embeddable":true,"href":"https:\/\/www.its-christmas-time.be\/fr\/wp-json\/wp\/v2\/users\/1"}],"replies":[{"embeddable":true,"href":"https:\/\/www.its-christmas-time.be\/fr\/wp-json\/wp\/v2\/comments?post=46"}],"version-history":[{"count":13,"href":"https:\/\/www.its-christmas-time.be\/fr\/wp-json\/wp\/v2\/pages\/46\/revisions"}],"predecessor-version":[{"id":458,"href":"https:\/\/www.its-christmas-time.be\/fr\/wp-json\/wp\/v2\/pages\/46\/revisions\/458"}],"wp:featuredmedia":[{"embeddable":true,"href":"https:\/\/www.its-christmas-time.be\/fr\/wp-json\/wp\/v2\/media\/456"}],"wp:attachment":[{"href":"https:\/\/www.its-christmas-time.be\/fr\/wp-json\/wp\/v2\/media?parent=46"}],"wp:term":[{"taxonomy":"category","embeddable":true,"href":"https:\/\/www.its-christmas-time.be\/fr\/wp-json\/wp\/v2\/categories?post=46"}],"curies":[{"name":"wp","href":"https:\/\/api.w.org\/{rel}","templated":true}]}}