{"id":48,"date":"2025-07-03T11:56:34","date_gmt":"2025-07-03T09:56:34","guid":{"rendered":"https:\/\/www.its-christmas-time.be\/?page_id=48"},"modified":"2025-10-27T08:52:15","modified_gmt":"2025-10-27T07:52:15","slug":"guirlandes-en-sapin-lumineuses-encadrant-les-vitrines-de-magasin","status":"publish","type":"page","link":"https:\/\/www.its-christmas-time.be\/fr\/guirlandes-en-sapin-lumineuses-encadrant-les-vitrines-de-magasin\/","title":{"rendered":"Guirlandes en sapin lumineuses encadrant les vitrines de magasin"},"content":{"rendered":"\n<section  class=\"slide\" style=\"\">\n<div class=\"slideContent mutate\">\n<div class=\"acf-innerblocks-container\">\n\n<h1 class=\"wp-block-heading\"><strong>Installation de guirlandes lumineuses : Illuminez votre vitrine<\/strong><\/h1>\n\n\n\n<p>Attirez l&rsquo;attention avec des guirlandes lumineuses \u00e9l\u00e9gantes et festives. Pendant les f\u00eates de fin d&rsquo;ann\u00e9e, une vitrine bien \u00e9clair\u00e9e devient un v\u00e9ritable p\u00f4le d&rsquo;attraction. <\/p>\n\n\n\n<p>Nos <strong>guirlandes LED<\/strong> sont con\u00e7ues pour mettre en valeur vos vitrines et encadrements, cr\u00e9ant une ambiance chaleureuse et \u00e9l\u00e9gante qui se voit de loin.<\/p>\n\n<\/div>\n<\/div><!-- .slideContent -->\n<\/section>\n\n\n<section  class=\"slide\" style=\"background-color: rgb(249,249,249); \">\n<div class=\"slideContent mutate\">\n<div class=\"acf-innerblocks-container\">\n\n<h2 class=\"wp-block-heading\">Pourquoi l\u2019\u00e9clairage de vitrine est-il essentiel ?<\/h2>\n\n\n\n<div class=\"wp-block-columns is-layout-flex wp-container-core-columns-is-layout-9d6595d7 wp-block-columns-is-layout-flex\">\n<div class=\"wp-block-column is-layout-flow wp-block-column-is-layout-flow\">\n<figure class=\"wp-block-image size-full\"><a href=\"https:\/\/www.its-christmas-time.be\/wp-content\/uploads\/2025\/10\/guirlande-sapin-pierre-marcolini.jpg\"><img loading=\"lazy\" decoding=\"async\" width=\"1900\" height=\"1425\" src=\"https:\/\/www.its-christmas-time.be\/wp-content\/uploads\/2025\/10\/guirlande-sapin-pierre-marcolini.jpg\" alt=\"\" class=\"wp-image-449\" style=\"aspect-ratio:16\/9;object-fit:cover\" srcset=\"https:\/\/www.its-christmas-time.be\/wp-content\/uploads\/2025\/10\/guirlande-sapin-pierre-marcolini.jpg 1900w, https:\/\/www.its-christmas-time.be\/wp-content\/uploads\/2025\/10\/guirlande-sapin-pierre-marcolini-300x225.jpg 300w, https:\/\/www.its-christmas-time.be\/wp-content\/uploads\/2025\/10\/guirlande-sapin-pierre-marcolini-1024x768.jpg 1024w, https:\/\/www.its-christmas-time.be\/wp-content\/uploads\/2025\/10\/guirlande-sapin-pierre-marcolini-768x576.jpg 768w, https:\/\/www.its-christmas-time.be\/wp-content\/uploads\/2025\/10\/guirlande-sapin-pierre-marcolini-1536x1152.jpg 1536w\" sizes=\"auto, (max-width: 1900px) 100vw, 1900px\" \/><\/a><\/figure>\n\n\n\n<p><strong>Mettez en valeur votre fa\u00e7ade<\/strong> jour et nuit gr\u00e2ce \u00e0<br>un \u00e9clairage doux et continu.<\/p>\n<\/div>\n\n\n\n<div class=\"wp-block-column is-layout-flow wp-block-column-is-layout-flow\">\n<figure class=\"wp-block-image size-large\"><a href=\"https:\/\/www.its-christmas-time.be\/wp-content\/uploads\/2025\/10\/delvaux-cadre-vitrine-waterloo.jpg\"><img loading=\"lazy\" decoding=\"async\" width=\"1024\" height=\"820\" src=\"https:\/\/www.its-christmas-time.be\/wp-content\/uploads\/2025\/10\/delvaux-cadre-vitrine-waterloo-1024x820.jpg\" alt=\"\" class=\"wp-image-448\" style=\"aspect-ratio:16\/9;object-fit:cover\" srcset=\"https:\/\/www.its-christmas-time.be\/wp-content\/uploads\/2025\/10\/delvaux-cadre-vitrine-waterloo-1024x820.jpg 1024w, https:\/\/www.its-christmas-time.be\/wp-content\/uploads\/2025\/10\/delvaux-cadre-vitrine-waterloo-300x240.jpg 300w, https:\/\/www.its-christmas-time.be\/wp-content\/uploads\/2025\/10\/delvaux-cadre-vitrine-waterloo-768x615.jpg 768w, https:\/\/www.its-christmas-time.be\/wp-content\/uploads\/2025\/10\/delvaux-cadre-vitrine-waterloo-1536x1230.jpg 1536w, https:\/\/www.its-christmas-time.be\/wp-content\/uploads\/2025\/10\/delvaux-cadre-vitrine-waterloo.jpg 1900w\" sizes=\"auto, (max-width: 1024px) 100vw, 1024px\" \/><\/a><\/figure>\n\n\n\n<p><strong>Cr\u00e9ez une atmosph\u00e8re chic et festive<\/strong> qui invite les passants \u00e0 entrer.<\/p>\n<\/div>\n\n\n\n<div class=\"wp-block-column is-layout-flow wp-block-column-is-layout-flow\">\n<figure class=\"wp-block-image size-large\"><a href=\"https:\/\/www.its-christmas-time.be\/wp-content\/uploads\/2025\/10\/installation-cadre-sapin.jpg\"><img loading=\"lazy\" decoding=\"async\" width=\"1024\" height=\"701\" src=\"https:\/\/www.its-christmas-time.be\/wp-content\/uploads\/2025\/10\/installation-cadre-sapin-1024x701.jpg\" alt=\"\" class=\"wp-image-450\" style=\"aspect-ratio:16\/9;object-fit:cover\" srcset=\"https:\/\/www.its-christmas-time.be\/wp-content\/uploads\/2025\/10\/installation-cadre-sapin-1024x701.jpg 1024w, https:\/\/www.its-christmas-time.be\/wp-content\/uploads\/2025\/10\/installation-cadre-sapin-300x205.jpg 300w, https:\/\/www.its-christmas-time.be\/wp-content\/uploads\/2025\/10\/installation-cadre-sapin-768x525.jpg 768w, https:\/\/www.its-christmas-time.be\/wp-content\/uploads\/2025\/10\/installation-cadre-sapin-1536x1051.jpg 1536w, https:\/\/www.its-christmas-time.be\/wp-content\/uploads\/2025\/10\/installation-cadre-sapin.jpg 1900w\" sizes=\"auto, (max-width: 1024px) 100vw, 1024px\" \/><\/a><\/figure>\n\n\n\n<p><strong>Profitez d\u2019une installation simple et personnalis\u00e9e<\/strong> : nous adaptons chaque pose \u00e0 votre vitrine, sans l\u2019ab\u00eemer.<\/p>\n<\/div>\n<\/div>\n\n<\/div>\n<\/div><!-- .slideContent -->\n<\/section>\n\n\n<section  class=\"slide\" style=\"\">\n<div class=\"slideContent mutate\">\n<div class=\"acf-innerblocks-container\">\n\n<ul class=\"wp-block-list\">\n<li>Nous proposons nos services d&rsquo;installation de guirlandes lumineuses partout en <strong>Belgique<\/strong>.<\/li>\n<\/ul>\n\n\n\n<h2 class=\"wp-block-heading\">Obtenez votre devis express en ligne<\/h2>\n\n\n\n<p>Renseignez simplement les dimensions de votre vitrine et votre ville d&rsquo;installation pour recevoir une estimation personnalis\u00e9e en quelques minutes.<\/p>\n\n\n\n<p>Besoin de conseils sur le mod\u00e8le ou la faisabilit\u00e9 de votre projet ? N&rsquo;h\u00e9sitez pas \u00e0 nous contacter.<\/p>\n\n\n<div class=\"ctaContainer\">\n<a class=\"contentCTA\" href=\"mailto:hello@its-christmas-time.be?subject=Demande de devis concernant les guirlandes lumineuses\"><span class=\"ctaTxt\"><i style=\"display:none;\"><\/i> Demander un devis<\/span><\/a>\n<\/div><!--.ctaContainer -->\n\n<\/div>\n<\/div><!-- .slideContent -->\n<\/section>\n\n\n<section  class=\"slide\" style=\"background-color: rgb(249,249,249); \">\n<div class=\"slideContent mutate\">\n<div class=\"acf-innerblocks-container\">\n\n<h2 class=\"wp-block-heading\">D\u00e9couvrez aussi<\/h2>\n\n\n  \n \n<script>\njQuery(document).ready(function($){\n\n\/\/ Gallery Carousel\n\n    $('.carouselGallery').flickity({\n      \/\/ options\n      cellAlign: 'left',\n      contain: true,\n      prevNextButtons: true,\n      pageDots: false,\n      wrapAround: true,\n      autoPlay: 4000\n    });\n    $('.button--previous').on( 'click', function() {\n      $('.carouselGallery').flickity('previous');\n    });\n    $('.button--next').on( 'click', function() {\n      $('.carouselGallery').flickity('next');\n    });\n  \n});\n<\/script>\n\n\n<section class=\"galleryPosts\">\n\n<div class=\"buttonRow\">\n  <button class=\"button button--previous\"><i class=\"fa-solid fa-caret-left\"><\/i><\/button>\n  <button class=\"button button--next\"><i class=\"fa-solid fa-caret-right\"><\/i><\/button>\n<\/div>\n\n<div class=\"carouselGallery\">\n\n<div class=\"carousel-cell\">\n<div class=\"singleCarouselPub\">\n\n<div class=\"figureContainer\">\n<a href=\"https:\/\/www.its-christmas-time.be\/fr\/decoration-de-facades\/\">\n<div class=\"overFigure\"><i class=\"fa-solid fa-plus\"><\/i><\/div>\n<figure style=\"background-image: url(https:\/\/www.its-christmas-time.be\/wp-content\/uploads\/2025\/10\/switzerland-rideaux-facade-1024x768.jpg)\"><\/figure>\n<\/a>\n<\/div><!-- .figureContainer -->\n\n<div class=\"singleCarouselPubTitle\">\nD\u00e9coration de fa\u00e7ades<\/div>\n\n<\/div>\n<\/div>\n<div class=\"carousel-cell\">\n<div class=\"singleCarouselPub\">\n\n<div class=\"figureContainer\">\n<a href=\"https:\/\/www.its-christmas-time.be\/fr\/decoration-de-vitrines\/\">\n<div class=\"overFigure\"><i class=\"fa-solid fa-plus\"><\/i><\/div>\n<figure style=\"background-image: url(https:\/\/www.its-christmas-time.be\/wp-content\/uploads\/2025\/10\/pierre-marcolini-noel-2024-1024x768.jpg)\"><\/figure>\n<\/a>\n<\/div><!-- .figureContainer -->\n\n<div class=\"singleCarouselPubTitle\">\n\u00a0D\u00e9coration de vitrines<\/div>\n\n<\/div>\n<\/div>\n<div class=\"carousel-cell\">\n<div class=\"singleCarouselPub\">\n\n<div class=\"figureContainer\">\n<a href=\"https:\/\/www.its-christmas-time.be\/fr\/location-de-sapins-decores\/\">\n<div class=\"overFigure\"><i class=\"fa-solid fa-plus\"><\/i><\/div>\n<figure style=\"background-image: url(https:\/\/www.its-christmas-time.be\/wp-content\/uploads\/2025\/10\/location-sapin-bureaux-1024x768.jpeg)\"><\/figure>\n<\/a>\n<\/div><!-- .figureContainer -->\n\n<div class=\"singleCarouselPubTitle\">\n\u00a0Location de sapins d\u00e9cor\u00e9s<\/div>\n\n<\/div>\n<\/div>\n\n<\/div><!-- . carousel -->\n\n<\/section>\n\n\n\n<\/div>\n<\/div><!-- .slideContent -->\n<\/section>","protected":false},"excerpt":{"rendered":"","protected":false},"author":1,"featured_media":452,"parent":0,"menu_order":0,"comment_status":"closed","ping_status":"closed","template":"","meta":{"_acf_changed":false,"footnotes":""},"categories":[2],"class_list":["post-48","page","type-page","status-publish","has-post-thumbnail","hentry","category-services"],"acf":[],"yoast_head":"<!-- This site is optimized with the Yoast SEO plugin v27.4 - https:\/\/yoast.com\/product\/yoast-seo-wordpress\/ -->\n<title>Contours Lumineux et guirlandes en sapin pour Vitrines &amp; Fa\u00e7ades<\/title>\n<meta name=\"description\" content=\"Mettez en valeur votre vitrine avec nos contours et guirlandes en sapin artificiel avec LED int\u00e9gr\u00e9es. Belgique, Luxembourg et Paris\" \/>\n<meta name=\"robots\" content=\"index, follow, max-snippet:-1, max-image-preview:large, max-video-preview:-1\" \/>\n<link rel=\"canonical\" href=\"https:\/\/www.its-christmas-time.be\/fr\/guirlandes-en-sapin-lumineuses-encadrant-les-vitrines-de-magasin\/\" \/>\n<meta property=\"og:locale\" content=\"fr_FR\" \/>\n<meta property=\"og:type\" content=\"article\" \/>\n<meta property=\"og:title\" content=\"Contours Lumineux et guirlandes en sapin pour Vitrines &amp; Fa\u00e7ades\" \/>\n<meta property=\"og:description\" content=\"Mettez en valeur votre vitrine avec nos contours et guirlandes en sapin artificiel avec LED int\u00e9gr\u00e9es. Belgique, Luxembourg et Paris\" \/>\n<meta property=\"og:url\" content=\"https:\/\/www.its-christmas-time.be\/fr\/guirlandes-en-sapin-lumineuses-encadrant-les-vitrines-de-magasin\/\" \/>\n<meta property=\"og:site_name\" content=\"Creagency Christmas Specials\" \/>\n<meta property=\"article:modified_time\" content=\"2025-10-27T07:52:15+00:00\" \/>\n<meta property=\"og:image\" content=\"https:\/\/www.its-christmas-time.be\/wp-content\/uploads\/2025\/10\/tartes-de-francoise-cadre-vitrine-sablon.jpg\" \/>\n\t<meta property=\"og:image:width\" content=\"1900\" \/>\n\t<meta property=\"og:image:height\" content=\"1425\" \/>\n\t<meta property=\"og:image:type\" content=\"image\/jpeg\" \/>\n<meta name=\"twitter:card\" content=\"summary_large_image\" \/>\n<meta name=\"twitter:label1\" content=\"Dur\u00e9e de lecture estim\u00e9e\" \/>\n\t<meta name=\"twitter:data1\" content=\"2 minutes\" \/>\n<script type=\"application\/ld+json\" class=\"yoast-schema-graph\">{\"@context\":\"https:\\\/\\\/schema.org\",\"@graph\":[{\"@type\":\"WebPage\",\"@id\":\"https:\\\/\\\/www.its-christmas-time.be\\\/fr\\\/guirlandes-en-sapin-lumineuses-encadrant-les-vitrines-de-magasin\\\/\",\"url\":\"https:\\\/\\\/www.its-christmas-time.be\\\/fr\\\/guirlandes-en-sapin-lumineuses-encadrant-les-vitrines-de-magasin\\\/\",\"name\":\"Contours Lumineux et guirlandes en sapin pour Vitrines & Fa\u00e7ades\",\"isPartOf\":{\"@id\":\"https:\\\/\\\/www.its-christmas-time.be\\\/fr\\\/#website\"},\"primaryImageOfPage\":{\"@id\":\"https:\\\/\\\/www.its-christmas-time.be\\\/fr\\\/guirlandes-en-sapin-lumineuses-encadrant-les-vitrines-de-magasin\\\/#primaryimage\"},\"image\":{\"@id\":\"https:\\\/\\\/www.its-christmas-time.be\\\/fr\\\/guirlandes-en-sapin-lumineuses-encadrant-les-vitrines-de-magasin\\\/#primaryimage\"},\"thumbnailUrl\":\"https:\\\/\\\/www.its-christmas-time.be\\\/wp-content\\\/uploads\\\/2025\\\/10\\\/tartes-de-francoise-cadre-vitrine-sablon.jpg\",\"datePublished\":\"2025-07-03T09:56:34+00:00\",\"dateModified\":\"2025-10-27T07:52:15+00:00\",\"description\":\"Mettez en valeur votre vitrine avec nos contours et guirlandes en sapin artificiel avec LED int\u00e9gr\u00e9es. Belgique, Luxembourg et Paris\",\"breadcrumb\":{\"@id\":\"https:\\\/\\\/www.its-christmas-time.be\\\/fr\\\/guirlandes-en-sapin-lumineuses-encadrant-les-vitrines-de-magasin\\\/#breadcrumb\"},\"inLanguage\":\"fr-FR\",\"potentialAction\":[{\"@type\":\"ReadAction\",\"target\":[\"https:\\\/\\\/www.its-christmas-time.be\\\/fr\\\/guirlandes-en-sapin-lumineuses-encadrant-les-vitrines-de-magasin\\\/\"]}]},{\"@type\":\"ImageObject\",\"inLanguage\":\"fr-FR\",\"@id\":\"https:\\\/\\\/www.its-christmas-time.be\\\/fr\\\/guirlandes-en-sapin-lumineuses-encadrant-les-vitrines-de-magasin\\\/#primaryimage\",\"url\":\"https:\\\/\\\/www.its-christmas-time.be\\\/wp-content\\\/uploads\\\/2025\\\/10\\\/tartes-de-francoise-cadre-vitrine-sablon.jpg\",\"contentUrl\":\"https:\\\/\\\/www.its-christmas-time.be\\\/wp-content\\\/uploads\\\/2025\\\/10\\\/tartes-de-francoise-cadre-vitrine-sablon.jpg\",\"width\":1900,\"height\":1425},{\"@type\":\"BreadcrumbList\",\"@id\":\"https:\\\/\\\/www.its-christmas-time.be\\\/fr\\\/guirlandes-en-sapin-lumineuses-encadrant-les-vitrines-de-magasin\\\/#breadcrumb\",\"itemListElement\":[{\"@type\":\"ListItem\",\"position\":1,\"name\":\"Accueil\",\"item\":\"https:\\\/\\\/www.its-christmas-time.be\\\/fr\\\/\"},{\"@type\":\"ListItem\",\"position\":2,\"name\":\"Guirlandes en sapin lumineuses encadrant les vitrines de magasin\"}]},{\"@type\":\"WebSite\",\"@id\":\"https:\\\/\\\/www.its-christmas-time.be\\\/fr\\\/#website\",\"url\":\"https:\\\/\\\/www.its-christmas-time.be\\\/fr\\\/\",\"name\":\"Creagency Christmas Specials\",\"description\":\"\",\"publisher\":{\"@id\":\"https:\\\/\\\/www.its-christmas-time.be\\\/fr\\\/#organization\"},\"potentialAction\":[{\"@type\":\"SearchAction\",\"target\":{\"@type\":\"EntryPoint\",\"urlTemplate\":\"https:\\\/\\\/www.its-christmas-time.be\\\/fr\\\/?s={search_term_string}\"},\"query-input\":{\"@type\":\"PropertyValueSpecification\",\"valueRequired\":true,\"valueName\":\"search_term_string\"}}],\"inLanguage\":\"fr-FR\"},{\"@type\":\"Organization\",\"@id\":\"https:\\\/\\\/www.its-christmas-time.be\\\/fr\\\/#organization\",\"name\":\"Creagency Christmas Specials\",\"url\":\"https:\\\/\\\/www.its-christmas-time.be\\\/fr\\\/\",\"logo\":{\"@type\":\"ImageObject\",\"inLanguage\":\"fr-FR\",\"@id\":\"https:\\\/\\\/www.its-christmas-time.be\\\/fr\\\/#\\\/schema\\\/logo\\\/image\\\/\",\"url\":\"https:\\\/\\\/www.its-christmas-time.be\\\/wp-content\\\/uploads\\\/2025\\\/07\\\/creagency-logo.png\",\"contentUrl\":\"https:\\\/\\\/www.its-christmas-time.be\\\/wp-content\\\/uploads\\\/2025\\\/07\\\/creagency-logo.png\",\"width\":250,\"height\":100,\"caption\":\"Creagency Christmas Specials\"},\"image\":{\"@id\":\"https:\\\/\\\/www.its-christmas-time.be\\\/fr\\\/#\\\/schema\\\/logo\\\/image\\\/\"}}]}<\/script>\n<!-- \/ Yoast SEO plugin. -->","yoast_head_json":{"title":"Contours Lumineux et guirlandes en sapin pour Vitrines & Fa\u00e7ades","description":"Mettez en valeur votre vitrine avec nos contours et guirlandes en sapin artificiel avec LED int\u00e9gr\u00e9es. Belgique, Luxembourg et Paris","robots":{"index":"index","follow":"follow","max-snippet":"max-snippet:-1","max-image-preview":"max-image-preview:large","max-video-preview":"max-video-preview:-1"},"canonical":"https:\/\/www.its-christmas-time.be\/fr\/guirlandes-en-sapin-lumineuses-encadrant-les-vitrines-de-magasin\/","og_locale":"fr_FR","og_type":"article","og_title":"Contours Lumineux et guirlandes en sapin pour Vitrines & Fa\u00e7ades","og_description":"Mettez en valeur votre vitrine avec nos contours et guirlandes en sapin artificiel avec LED int\u00e9gr\u00e9es. Belgique, Luxembourg et Paris","og_url":"https:\/\/www.its-christmas-time.be\/fr\/guirlandes-en-sapin-lumineuses-encadrant-les-vitrines-de-magasin\/","og_site_name":"Creagency Christmas Specials","article_modified_time":"2025-10-27T07:52:15+00:00","og_image":[{"width":1900,"height":1425,"url":"https:\/\/www.its-christmas-time.be\/wp-content\/uploads\/2025\/10\/tartes-de-francoise-cadre-vitrine-sablon.jpg","type":"image\/jpeg"}],"twitter_card":"summary_large_image","twitter_misc":{"Dur\u00e9e de lecture estim\u00e9e":"2 minutes"},"schema":{"@context":"https:\/\/schema.org","@graph":[{"@type":"WebPage","@id":"https:\/\/www.its-christmas-time.be\/fr\/guirlandes-en-sapin-lumineuses-encadrant-les-vitrines-de-magasin\/","url":"https:\/\/www.its-christmas-time.be\/fr\/guirlandes-en-sapin-lumineuses-encadrant-les-vitrines-de-magasin\/","name":"Contours Lumineux et guirlandes en sapin pour Vitrines & Fa\u00e7ades","isPartOf":{"@id":"https:\/\/www.its-christmas-time.be\/fr\/#website"},"primaryImageOfPage":{"@id":"https:\/\/www.its-christmas-time.be\/fr\/guirlandes-en-sapin-lumineuses-encadrant-les-vitrines-de-magasin\/#primaryimage"},"image":{"@id":"https:\/\/www.its-christmas-time.be\/fr\/guirlandes-en-sapin-lumineuses-encadrant-les-vitrines-de-magasin\/#primaryimage"},"thumbnailUrl":"https:\/\/www.its-christmas-time.be\/wp-content\/uploads\/2025\/10\/tartes-de-francoise-cadre-vitrine-sablon.jpg","datePublished":"2025-07-03T09:56:34+00:00","dateModified":"2025-10-27T07:52:15+00:00","description":"Mettez en valeur votre vitrine avec nos contours et guirlandes en sapin artificiel avec LED int\u00e9gr\u00e9es. Belgique, Luxembourg et Paris","breadcrumb":{"@id":"https:\/\/www.its-christmas-time.be\/fr\/guirlandes-en-sapin-lumineuses-encadrant-les-vitrines-de-magasin\/#breadcrumb"},"inLanguage":"fr-FR","potentialAction":[{"@type":"ReadAction","target":["https:\/\/www.its-christmas-time.be\/fr\/guirlandes-en-sapin-lumineuses-encadrant-les-vitrines-de-magasin\/"]}]},{"@type":"ImageObject","inLanguage":"fr-FR","@id":"https:\/\/www.its-christmas-time.be\/fr\/guirlandes-en-sapin-lumineuses-encadrant-les-vitrines-de-magasin\/#primaryimage","url":"https:\/\/www.its-christmas-time.be\/wp-content\/uploads\/2025\/10\/tartes-de-francoise-cadre-vitrine-sablon.jpg","contentUrl":"https:\/\/www.its-christmas-time.be\/wp-content\/uploads\/2025\/10\/tartes-de-francoise-cadre-vitrine-sablon.jpg","width":1900,"height":1425},{"@type":"BreadcrumbList","@id":"https:\/\/www.its-christmas-time.be\/fr\/guirlandes-en-sapin-lumineuses-encadrant-les-vitrines-de-magasin\/#breadcrumb","itemListElement":[{"@type":"ListItem","position":1,"name":"Accueil","item":"https:\/\/www.its-christmas-time.be\/fr\/"},{"@type":"ListItem","position":2,"name":"Guirlandes en sapin lumineuses encadrant les vitrines de magasin"}]},{"@type":"WebSite","@id":"https:\/\/www.its-christmas-time.be\/fr\/#website","url":"https:\/\/www.its-christmas-time.be\/fr\/","name":"Creagency Christmas Specials","description":"","publisher":{"@id":"https:\/\/www.its-christmas-time.be\/fr\/#organization"},"potentialAction":[{"@type":"SearchAction","target":{"@type":"EntryPoint","urlTemplate":"https:\/\/www.its-christmas-time.be\/fr\/?s={search_term_string}"},"query-input":{"@type":"PropertyValueSpecification","valueRequired":true,"valueName":"search_term_string"}}],"inLanguage":"fr-FR"},{"@type":"Organization","@id":"https:\/\/www.its-christmas-time.be\/fr\/#organization","name":"Creagency Christmas Specials","url":"https:\/\/www.its-christmas-time.be\/fr\/","logo":{"@type":"ImageObject","inLanguage":"fr-FR","@id":"https:\/\/www.its-christmas-time.be\/fr\/#\/schema\/logo\/image\/","url":"https:\/\/www.its-christmas-time.be\/wp-content\/uploads\/2025\/07\/creagency-logo.png","contentUrl":"https:\/\/www.its-christmas-time.be\/wp-content\/uploads\/2025\/07\/creagency-logo.png","width":250,"height":100,"caption":"Creagency Christmas Specials"},"image":{"@id":"https:\/\/www.its-christmas-time.be\/fr\/#\/schema\/logo\/image\/"}}]}},"_links":{"self":[{"href":"https:\/\/www.its-christmas-time.be\/fr\/wp-json\/wp\/v2\/pages\/48","targetHints":{"allow":["GET"]}}],"collection":[{"href":"https:\/\/www.its-christmas-time.be\/fr\/wp-json\/wp\/v2\/pages"}],"about":[{"href":"https:\/\/www.its-christmas-time.be\/fr\/wp-json\/wp\/v2\/types\/page"}],"author":[{"embeddable":true,"href":"https:\/\/www.its-christmas-time.be\/fr\/wp-json\/wp\/v2\/users\/1"}],"replies":[{"embeddable":true,"href":"https:\/\/www.its-christmas-time.be\/fr\/wp-json\/wp\/v2\/comments?post=48"}],"version-history":[{"count":6,"href":"https:\/\/www.its-christmas-time.be\/fr\/wp-json\/wp\/v2\/pages\/48\/revisions"}],"predecessor-version":[{"id":455,"href":"https:\/\/www.its-christmas-time.be\/fr\/wp-json\/wp\/v2\/pages\/48\/revisions\/455"}],"wp:featuredmedia":[{"embeddable":true,"href":"https:\/\/www.its-christmas-time.be\/fr\/wp-json\/wp\/v2\/media\/452"}],"wp:attachment":[{"href":"https:\/\/www.its-christmas-time.be\/fr\/wp-json\/wp\/v2\/media?parent=48"}],"wp:term":[{"taxonomy":"category","embeddable":true,"href":"https:\/\/www.its-christmas-time.be\/fr\/wp-json\/wp\/v2\/categories?post=48"}],"curies":[{"name":"wp","href":"https:\/\/api.w.org\/{rel}","templated":true}]}}